{"id":151,"date":"2025-03-06T13:31:50","date_gmt":"2025-03-06T12:31:50","guid":{"rendered":"https:\/\/conyflinkit.com\/?page_id=151"},"modified":"2025-06-11T11:02:46","modified_gmt":"2025-06-11T09:02:46","slug":"about","status":"publish","type":"page","link":"https:\/\/conyflinkit.com\/?page_id=151","title":{"rendered":"\u00dcber uns"},"content":{"rendered":"\n<figure class=\"wp-block-gallery has-nested-images columns-5 is-cropped wp-block-gallery-2 is-layout-flex wp-block-gallery-is-layout-flex\">\n<figure class=\"wp-block-image size-full is-style-rounded wp-duotone-unset-1\"><img loading=\"lazy\" decoding=\"async\" width=\"2128\" height=\"2128\" data-id=\"437\" src=\"https:\/\/conyflinkit.com\/wp-content\/uploads\/2025\/06\/Image-kuk1-scaled-1-edited.jpg\" alt=\"\" class=\"wp-image-437\" srcset=\"https:\/\/conyflinkit.com\/wp-content\/uploads\/2025\/06\/Image-kuk1-scaled-1-edited.jpg 2128w, https:\/\/conyflinkit.com\/wp-content\/uploads\/2025\/06\/Image-kuk1-scaled-1-edited-300x300.jpg 300w, https:\/\/conyflinkit.com\/wp-content\/uploads\/2025\/06\/Image-kuk1-scaled-1-edited-1024x1024.jpg 1024w, https:\/\/conyflinkit.com\/wp-content\/uploads\/2025\/06\/Image-kuk1-scaled-1-edited-150x150.jpg 150w, https:\/\/conyflinkit.com\/wp-content\/uploads\/2025\/06\/Image-kuk1-scaled-1-edited-768x768.jpg 768w, https:\/\/conyflinkit.com\/wp-content\/uploads\/2025\/06\/Image-kuk1-scaled-1-edited-1536x1536.jpg 1536w, https:\/\/conyflinkit.com\/wp-content\/uploads\/2025\/06\/Image-kuk1-scaled-1-edited-2048x2048.jpg 2048w\" sizes=\"auto, (max-width: 2128px) 100vw, 2128px\" \/><\/figure>\n\n\n\n<figure class=\"wp-block-image size-full is-style-rounded\"><img loading=\"lazy\" decoding=\"async\" width=\"574\" height=\"574\" data-id=\"441\" src=\"https:\/\/conyflinkit.com\/wp-content\/uploads\/2025\/06\/Unbenannt-edited-1.png\" alt=\"\" class=\"wp-image-441\" srcset=\"https:\/\/conyflinkit.com\/wp-content\/uploads\/2025\/06\/Unbenannt-edited-1.png 574w, https:\/\/conyflinkit.com\/wp-content\/uploads\/2025\/06\/Unbenannt-edited-1-300x300.png 300w, https:\/\/conyflinkit.com\/wp-content\/uploads\/2025\/06\/Unbenannt-edited-1-150x150.png 150w\" sizes=\"auto, (max-width: 574px) 100vw, 574px\" \/><\/figure>\n\n\n\n<figure class=\"wp-block-image size-large is-style-rounded\"><img loading=\"lazy\" decoding=\"async\" width=\"1264\" height=\"1264\" data-id=\"442\" src=\"https:\/\/conyflinkit.com\/wp-content\/uploads\/2025\/06\/sdny-edited.jpg\" alt=\"\" class=\"wp-image-442\" srcset=\"https:\/\/conyflinkit.com\/wp-content\/uploads\/2025\/06\/sdny-edited.jpg 1264w, https:\/\/conyflinkit.com\/wp-content\/uploads\/2025\/06\/sdny-edited-300x300.jpg 300w, https:\/\/conyflinkit.com\/wp-content\/uploads\/2025\/06\/sdny-edited-1024x1024.jpg 1024w, https:\/\/conyflinkit.com\/wp-content\/uploads\/2025\/06\/sdny-edited-150x150.jpg 150w, https:\/\/conyflinkit.com\/wp-content\/uploads\/2025\/06\/sdny-edited-768x768.jpg 768w\" sizes=\"auto, (max-width: 1264px) 100vw, 1264px\" \/><\/figure>\n\n\n\n<figure class=\"wp-block-image size-large is-style-rounded\"><img loading=\"lazy\" decoding=\"async\" width=\"200\" height=\"200\" data-id=\"438\" src=\"https:\/\/conyflinkit.com\/wp-content\/uploads\/2025\/06\/1663099819084.jpg\" alt=\"\" class=\"wp-image-438\" srcset=\"https:\/\/conyflinkit.com\/wp-content\/uploads\/2025\/06\/1663099819084.jpg 200w, https:\/\/conyflinkit.com\/wp-content\/uploads\/2025\/06\/1663099819084-150x150.jpg 150w\" sizes=\"auto, (max-width: 200px) 100vw, 200px\" \/><\/figure>\n\n\n\n<figure class=\"wp-block-image size-large is-style-rounded\"><img loading=\"lazy\" decoding=\"async\" width=\"523\" height=\"523\" data-id=\"446\" src=\"https:\/\/conyflinkit.com\/wp-content\/uploads\/2025\/06\/6014560000049003864-edited-2.jpg\" alt=\"\" class=\"wp-image-446\" srcset=\"https:\/\/conyflinkit.com\/wp-content\/uploads\/2025\/06\/6014560000049003864-edited-2.jpg 523w, https:\/\/conyflinkit.com\/wp-content\/uploads\/2025\/06\/6014560000049003864-edited-2-300x300.jpg 300w, https:\/\/conyflinkit.com\/wp-content\/uploads\/2025\/06\/6014560000049003864-edited-2-150x150.jpg 150w\" sizes=\"auto, (max-width: 523px) 100vw, 523px\" \/><\/figure>\n<\/figure>\n\n\n\n<p class=\"has-primary-color has-text-color has-link-color wp-elements-a6a1910e997d22dfe6593f2935e5d441\"><mark style=\"background-color:rgba(0, 0, 0, 0)\" class=\"has-inline-color has-background-color\">ConyFlink IT ist der Technologie- und Softwarebereich von<a href=\"https:\/\/conyflink.com\/\"> Cony Flink<\/a>, der sich auf smarte IT-L\u00f6sungen, innovative Apps und digitale Services spezialisiert. Unser Ziel ist es, dir mit ma\u00dfgeschneiderten Softwarel\u00f6sungen, leistungsstarken IT-Dienstleistungen und modernen Apps zu helfen \u2013 effizient, sicher und zukunftsorientiert.<\/mark><\/p>\n\n\n\n<p><mark style=\"background-color:rgba(0, 0, 0, 0)\" class=\"has-inline-color has-background-color\">Wir bieten dir End-to-End-Softwareentwicklung: von der ersten Idee \u00fcber die Umsetzung bis hin zur finalen Implementierung. Dabei liegt unser Fokus auf skalierbaren Web-Applikationen, mobilen Apps und ma\u00dfgeschneiderten IT-Services, die dir helfen, deine Prozesse zu optimieren, Innovation voranzutreiben und deinen Wettbewerbsvorteil zu sichern.<\/mark><\/p>\n\n\n\n<p><mark style=\"background-color:rgba(0, 0, 0, 0)\" class=\"has-inline-color has-background-color\">Bei ConyFlink IT stehen Qualit\u00e4t und Nutzerfreundlichkeit immer an erster Stelle. Wir entwickeln nicht einfach nur Software, sondern digitale L\u00f6sungen, die echten Mehrwert bieten und die Anforderungen der modernen, vernetzten Welt erf\u00fcllen.<\/mark><\/p>\n\n\n\n<p><mark style=\"background-color:rgba(0, 0, 0, 0)\" class=\"has-inline-color has-background-color\">Lass uns gemeinsam deine digitale Zukunft gestalten!<\/mark><\/p>\n\n\n<div class=\"cozy-block-wrapper\">\n<div class=\"cozy-block-button\" id=\"cozyBlock_ff916fda_28a7_4fa4_9f5f_6944283be640\">\n<div class=\"wp-block-buttons is-content-justification-left is-layout-flex wp-container-core-buttons-is-layout-fc4fd283 wp-block-buttons-is-layout-flex\">\n<div class=\"wp-block-button is-style-button-hover-secondary-bgcolor\"><a class=\"wp-block-button__link has-light-color-color has-gradient-twelve-gradient-background has-text-color has-background has-link-color has-custom-font-size wp-element-button\" href=\"https:\/\/conyflinkit.com\/?page_id=41\" style=\"border-radius:60px;padding-top:24px;padding-right:40px;padding-bottom:24px;padding-left:40px;font-size:clamp(14px, 0.875rem + ((1vw - 3.2px) * 0.244), 18px);\">Los geht&#8217;s!<\/a><\/div>\n<\/div>\n<\/div>\n<\/div>","protected":false},"excerpt":{"rendered":"<p>ConyFlink IT ist der Technologie- und Softwarebereich von Cony Flink, der sich auf smarte IT-L\u00f6sungen, innovative Apps und digitale Services spezialisiert. Unser Ziel ist es, dir mit ma\u00dfgeschneiderten Softwarel\u00f6sungen, leistungsstarken IT-Dienstleistungen und modernen Apps zu helfen \u2013 effizient, sicher und zukunftsorientiert. Wir bieten dir End-to-End-Softwareentwicklung: von der ersten Idee \u00fcber die Umsetzung bis hin zur&#8230;<\/p>\n","protected":false},"author":3,"featured_media":0,"parent":0,"menu_order":0,"comment_status":"closed","ping_status":"closed","template":"","meta":{"footnotes":""},"class_list":["post-151","page","type-page","status-publish","hentry"],"yoast_head":"<!-- This site is optimized with the Yoast SEO plugin v25.1 - https:\/\/yoast.com\/wordpress\/plugins\/seo\/ -->\n<title>\u00dcber uns - ConyFlink IT<\/title>\n<meta name=\"robots\" content=\"index, follow, max-snippet:-1, max-image-preview:large, max-video-preview:-1\" \/>\n<link rel=\"canonical\" href=\"https:\/\/conyflinkit.com\/?page_id=151\" \/>\n<meta property=\"og:locale\" content=\"de_DE\" \/>\n<meta property=\"og:type\" content=\"article\" \/>\n<meta property=\"og:title\" content=\"\u00dcber uns - ConyFlink IT\" \/>\n<meta property=\"og:description\" content=\"ConyFlink IT ist der Technologie- und Softwarebereich von Cony Flink, der sich auf smarte IT-L\u00f6sungen, innovative Apps und digitale Services spezialisiert. Unser Ziel ist es, dir mit ma\u00dfgeschneiderten Softwarel\u00f6sungen, leistungsstarken IT-Dienstleistungen und modernen Apps zu helfen \u2013 effizient, sicher und zukunftsorientiert. Wir bieten dir End-to-End-Softwareentwicklung: von der ersten Idee \u00fcber die Umsetzung bis hin zur...\" \/>\n<meta property=\"og:url\" content=\"https:\/\/conyflinkit.com\/?page_id=151\" \/>\n<meta property=\"og:site_name\" content=\"ConyFlink IT\" \/>\n<meta property=\"article:modified_time\" content=\"2025-06-11T09:02:46+00:00\" \/>\n<meta property=\"og:image\" content=\"https:\/\/conyflinkit.com\/wp-content\/uploads\/2025\/06\/Image-kuk1-scaled-1-edited.jpg\" \/>\n\t<meta property=\"og:image:width\" content=\"2128\" \/>\n\t<meta property=\"og:image:height\" content=\"2128\" \/>\n\t<meta property=\"og:image:type\" content=\"image\/jpeg\" \/>\n<meta name=\"twitter:card\" content=\"summary_large_image\" \/>\n<meta name=\"twitter:label1\" content=\"Gesch\u00e4tzte Lesezeit\" \/>\n\t<meta name=\"twitter:data1\" content=\"2\u00a0Minuten\" \/>\n<script type=\"application\/ld+json\" class=\"yoast-schema-graph\">{\"@context\":\"https:\/\/schema.org\",\"@graph\":[{\"@type\":\"WebPage\",\"@id\":\"https:\/\/conyflinkit.com\/?page_id=151\",\"url\":\"https:\/\/conyflinkit.com\/?page_id=151\",\"name\":\"\u00dcber uns - ConyFlink IT\",\"isPartOf\":{\"@id\":\"https:\/\/conyflinkit.com\/#website\"},\"primaryImageOfPage\":{\"@id\":\"https:\/\/conyflinkit.com\/?page_id=151#primaryimage\"},\"image\":{\"@id\":\"https:\/\/conyflinkit.com\/?page_id=151#primaryimage\"},\"thumbnailUrl\":\"https:\/\/conyflinkit.com\/wp-content\/uploads\/2025\/06\/Image-kuk1-scaled-1-edited.jpg\",\"datePublished\":\"2025-03-06T12:31:50+00:00\",\"dateModified\":\"2025-06-11T09:02:46+00:00\",\"breadcrumb\":{\"@id\":\"https:\/\/conyflinkit.com\/?page_id=151#breadcrumb\"},\"inLanguage\":\"de\",\"potentialAction\":[{\"@type\":\"ReadAction\",\"target\":[\"https:\/\/conyflinkit.com\/?page_id=151\"]}]},{\"@type\":\"ImageObject\",\"inLanguage\":\"de\",\"@id\":\"https:\/\/conyflinkit.com\/?page_id=151#primaryimage\",\"url\":\"https:\/\/conyflinkit.com\/wp-content\/uploads\/2025\/06\/Image-kuk1-scaled-1-edited.jpg\",\"contentUrl\":\"https:\/\/conyflinkit.com\/wp-content\/uploads\/2025\/06\/Image-kuk1-scaled-1-edited.jpg\",\"width\":2128,\"height\":2128},{\"@type\":\"BreadcrumbList\",\"@id\":\"https:\/\/conyflinkit.com\/?page_id=151#breadcrumb\",\"itemListElement\":[{\"@type\":\"ListItem\",\"position\":1,\"name\":\"Startseite\",\"item\":\"https:\/\/conyflinkit.com\/\"},{\"@type\":\"ListItem\",\"position\":2,\"name\":\"\u00dcber uns\"}]},{\"@type\":\"WebSite\",\"@id\":\"https:\/\/conyflinkit.com\/#website\",\"url\":\"https:\/\/conyflinkit.com\/\",\"name\":\"ConyFlink IT\",\"description\":\"\",\"publisher\":{\"@id\":\"https:\/\/conyflinkit.com\/#organization\"},\"potentialAction\":[{\"@type\":\"SearchAction\",\"target\":{\"@type\":\"EntryPoint\",\"urlTemplate\":\"https:\/\/conyflinkit.com\/?s={search_term_string}\"},\"query-input\":{\"@type\":\"PropertyValueSpecification\",\"valueRequired\":true,\"valueName\":\"search_term_string\"}}],\"inLanguage\":\"de\"},{\"@type\":\"Organization\",\"@id\":\"https:\/\/conyflinkit.com\/#organization\",\"name\":\"ConyFlink IT\",\"url\":\"https:\/\/conyflinkit.com\/\",\"logo\":{\"@type\":\"ImageObject\",\"inLanguage\":\"de\",\"@id\":\"https:\/\/conyflinkit.com\/#\/schema\/logo\/image\/\",\"url\":\"https:\/\/conyflinkit.com\/wp-content\/uploads\/2025\/03\/fb-profile.png\",\"contentUrl\":\"https:\/\/conyflinkit.com\/wp-content\/uploads\/2025\/03\/fb-profile.png\",\"width\":180,\"height\":180,\"caption\":\"ConyFlink IT\"},\"image\":{\"@id\":\"https:\/\/conyflinkit.com\/#\/schema\/logo\/image\/\"},\"sameAs\":[\"https:\/\/www.instagram.com\/conyflinkit\/\"]}]}<\/script>\n<!-- \/ Yoast SEO plugin. -->","yoast_head_json":{"title":"\u00dcber uns - ConyFlink IT","robots":{"index":"index","follow":"follow","max-snippet":"max-snippet:-1","max-image-preview":"max-image-preview:large","max-video-preview":"max-video-preview:-1"},"canonical":"https:\/\/conyflinkit.com\/?page_id=151","og_locale":"de_DE","og_type":"article","og_title":"\u00dcber uns - ConyFlink IT","og_description":"ConyFlink IT ist der Technologie- und Softwarebereich von Cony Flink, der sich auf smarte IT-L\u00f6sungen, innovative Apps und digitale Services spezialisiert. Unser Ziel ist es, dir mit ma\u00dfgeschneiderten Softwarel\u00f6sungen, leistungsstarken IT-Dienstleistungen und modernen Apps zu helfen \u2013 effizient, sicher und zukunftsorientiert. Wir bieten dir End-to-End-Softwareentwicklung: von der ersten Idee \u00fcber die Umsetzung bis hin zur...","og_url":"https:\/\/conyflinkit.com\/?page_id=151","og_site_name":"ConyFlink IT","article_modified_time":"2025-06-11T09:02:46+00:00","og_image":[{"width":2128,"height":2128,"url":"https:\/\/conyflinkit.com\/wp-content\/uploads\/2025\/06\/Image-kuk1-scaled-1-edited.jpg","type":"image\/jpeg"}],"twitter_card":"summary_large_image","twitter_misc":{"Gesch\u00e4tzte Lesezeit":"2\u00a0Minuten"},"schema":{"@context":"https:\/\/schema.org","@graph":[{"@type":"WebPage","@id":"https:\/\/conyflinkit.com\/?page_id=151","url":"https:\/\/conyflinkit.com\/?page_id=151","name":"\u00dcber uns - ConyFlink IT","isPartOf":{"@id":"https:\/\/conyflinkit.com\/#website"},"primaryImageOfPage":{"@id":"https:\/\/conyflinkit.com\/?page_id=151#primaryimage"},"image":{"@id":"https:\/\/conyflinkit.com\/?page_id=151#primaryimage"},"thumbnailUrl":"https:\/\/conyflinkit.com\/wp-content\/uploads\/2025\/06\/Image-kuk1-scaled-1-edited.jpg","datePublished":"2025-03-06T12:31:50+00:00","dateModified":"2025-06-11T09:02:46+00:00","breadcrumb":{"@id":"https:\/\/conyflinkit.com\/?page_id=151#breadcrumb"},"inLanguage":"de","potentialAction":[{"@type":"ReadAction","target":["https:\/\/conyflinkit.com\/?page_id=151"]}]},{"@type":"ImageObject","inLanguage":"de","@id":"https:\/\/conyflinkit.com\/?page_id=151#primaryimage","url":"https:\/\/conyflinkit.com\/wp-content\/uploads\/2025\/06\/Image-kuk1-scaled-1-edited.jpg","contentUrl":"https:\/\/conyflinkit.com\/wp-content\/uploads\/2025\/06\/Image-kuk1-scaled-1-edited.jpg","width":2128,"height":2128},{"@type":"BreadcrumbList","@id":"https:\/\/conyflinkit.com\/?page_id=151#breadcrumb","itemListElement":[{"@type":"ListItem","position":1,"name":"Startseite","item":"https:\/\/conyflinkit.com\/"},{"@type":"ListItem","position":2,"name":"\u00dcber uns"}]},{"@type":"WebSite","@id":"https:\/\/conyflinkit.com\/#website","url":"https:\/\/conyflinkit.com\/","name":"ConyFlink IT","description":"","publisher":{"@id":"https:\/\/conyflinkit.com\/#organization"},"potentialAction":[{"@type":"SearchAction","target":{"@type":"EntryPoint","urlTemplate":"https:\/\/conyflinkit.com\/?s={search_term_string}"},"query-input":{"@type":"PropertyValueSpecification","valueRequired":true,"valueName":"search_term_string"}}],"inLanguage":"de"},{"@type":"Organization","@id":"https:\/\/conyflinkit.com\/#organization","name":"ConyFlink IT","url":"https:\/\/conyflinkit.com\/","logo":{"@type":"ImageObject","inLanguage":"de","@id":"https:\/\/conyflinkit.com\/#\/schema\/logo\/image\/","url":"https:\/\/conyflinkit.com\/wp-content\/uploads\/2025\/03\/fb-profile.png","contentUrl":"https:\/\/conyflinkit.com\/wp-content\/uploads\/2025\/03\/fb-profile.png","width":180,"height":180,"caption":"ConyFlink IT"},"image":{"@id":"https:\/\/conyflinkit.com\/#\/schema\/logo\/image\/"},"sameAs":["https:\/\/www.instagram.com\/conyflinkit\/"]}]}},"_links":{"self":[{"href":"https:\/\/conyflinkit.com\/index.php?rest_route=\/wp\/v2\/pages\/151","targetHints":{"allow":["GET"]}}],"collection":[{"href":"https:\/\/conyflinkit.com\/index.php?rest_route=\/wp\/v2\/pages"}],"about":[{"href":"https:\/\/conyflinkit.com\/index.php?rest_route=\/wp\/v2\/types\/page"}],"author":[{"embeddable":true,"href":"https:\/\/conyflinkit.com\/index.php?rest_route=\/wp\/v2\/users\/3"}],"replies":[{"embeddable":true,"href":"https:\/\/conyflinkit.com\/index.php?rest_route=%2Fwp%2Fv2%2Fcomments&post=151"}],"version-history":[{"count":11,"href":"https:\/\/conyflinkit.com\/index.php?rest_route=\/wp\/v2\/pages\/151\/revisions"}],"predecessor-version":[{"id":454,"href":"https:\/\/conyflinkit.com\/index.php?rest_route=\/wp\/v2\/pages\/151\/revisions\/454"}],"wp:attachment":[{"href":"https:\/\/conyflinkit.com\/index.php?rest_route=%2Fwp%2Fv2%2Fmedia&parent=151"}],"curies":[{"name":"wp","href":"https:\/\/api.w.org\/{rel}","templated":true}]}}